{"id":200,"date":"2017-01-23T19:02:33","date_gmt":"2017-01-23T18:02:33","guid":{"rendered":"http:\/\/zukunft-fewchr.de\/fewchr\/?page_id=200"},"modified":"2017-01-23T19:08:11","modified_gmt":"2017-01-23T18:08:11","slug":"satzung","status":"publish","type":"page","link":"http:\/\/zukunft-fewchr.de\/fewchr\/verein\/satzung\/","title":{"rendered":"Satzung"},"content":{"rendered":"<div id=\"cs-content\" class=\"cs-content\"><div id=\"x-section-1\" class=\"x-section\" style=\"margin: 0px;padding: 45px 0px; background-color: transparent;\" ><div id=\"\" class=\"x-container max width\" style=\"margin: 0px auto;padding: 0px;\" ><div  class=\"x-column x-sm x-1-1\" style=\"padding: 0px;\" ><h2  class=\"h-custom-headline h3\" ><span>Satzung vom 03.01.2012<\/span><\/h2><div id=\"\" class=\"x-text\" style=\"\" ><p>&nbsp;<\/p>\n<p>\u00a71<\/p>\n<p>Der Verein hei\u00dft\u00a0 \u201e<strong>Gib mir eine Zukunft \u2013 Give me a fewchr<\/strong>\u201c<\/p>\n<p>Er hat seinen Sitz in Alsbach\/Darmstadt und ist eingetragen\u00a0 im Vereinsregister unter der Nr.\u00a0 : ..<\/p>\n<p>Er verfolgt ausschlie\u00dflich und unmittelbar gemeinn\u00fctzige Zwecke im Sinne des Abschnitts \u201eSteuerbeg\u00fcnstigte Zwecke\u201c der Abgabenordnung.<\/p>\n<p>\u00a72<\/p>\n<p>Zweck des Vereins ist die F\u00f6rderung der Jugend- und Altenhilfe; die F\u00f6rderung der Erziehung, Volks- und Berufsbildung einschlie\u00dflich der Studentenhilfe; die F\u00f6rderung der Friedens- und Vers\u00f6hnungsarbeit, Toleranz und Verst\u00e4ndigung zwischen Menschen aller Kulturen und Religionen im In- und Ausland sowie die F\u00f6rderung der Entwicklungszusammenarbeit<\/p>\n<p>Es geht uns darum<\/p>\n<ul>\n<li>Beizutragen zu \u201epeace building\u201c und Vers\u00f6hnungsarbeit<\/li>\n<li>Kindern, Jugendlichen und Erwachsenen eine Ausbildung zu erm\u00f6glichen, die eigenes Einkommen schaffen kann (Hilfe zur Selbsthilfe),<\/li>\n<li>Mikro-Finanzsysteme zur Schaffung von Einkommen generierenden Aktivit\u00e4ten zu entwickeln und unterst\u00fctzen,<\/li>\n<li>In Zeiten von Hunger kurzfristig Nahrungsmittel zu beschaffen sowie langfristig Ma\u00dfnahmen zu unterst\u00fctzen, die geeignet sind, Nahrungsmittel selbst zu produzieren.<\/li>\n<li>Kinder, Jugendliche und Erwachsene medizinisch zu unterst\u00fctzen, falls es notwendig wird.<\/li>\n<\/ul>\n<p>Die Kinder, Jugendlichen und Erwachsenen kennen wir zum einen durch unsere Kurse (seit 2007) in Gewaltfreier Kommunikation nach Dr. Marshall Rosenberg\u00a0 in Entwicklungsl\u00e4ndern insbesondere in Kenia, zum anderen sind sie uns von Vereinen, mit denen wir dort zusammenarbeiten, genannt worden.<\/p>\n<p>Im Rahmen unserer T\u00e4tigkeiten in den entsprechenden L\u00e4ndern kontrollieren wir pers\u00f6nlich die Verwendung der Gelder.<\/p>\n<p>\u00a73<\/p>\n<p>Verwirklichung des Satzungszweckes<\/p>\n<ul>\n<li>Wir f\u00fchren Aus-, Fort- und Weiterbildungskurse in gewaltfreier Kommunikation nach Dr. Marshall Rosenberg durch,<\/li>\n<li>f\u00fchren Mediationen\u00a0 und Vers\u00f6hnungsarbeit (restorative circle) auf Basis der GFK durch<\/li>\n<li>Wir \u00fcbernehmen die Kosten f\u00fcr den Schulbesuch, eines College oder einer Universit\u00e4t sowie Berufsausbildungskosten soweit Eltern, oder im Falle von Waisen die Verwandten, dazu nicht in der Lage sind,<\/li>\n<li>Wir unterst\u00fctzen \u00a0 Bildungseinrichtungen z.B. Vorschulen und Schulen, die einen erh\u00f6hten Anteil\u00a0 benachteiligter Kinder aufnehmen und versorgen,<\/li>\n<li>Wir bieten Anleitung\/Kurse an im Bereich Mikrofinanzierung\/Social Entrepreneurship\u00a0 im Sinne von Hilfe zur Selbsthilfe z.B. in Form des \u201etable banking\u201c sowie deren Anschubfinanzierungen bzw. Aufstockung der vorhandenen Mittel,<\/li>\n<li>Wir beschaffen und verteilen\u00a0 Nahrungsmittel in Hungerzeiten (z.B. bedingt durch Trockenheit, Missernten) und unterst\u00fctzen\u00a0 Ma\u00dfnahmen, die geeignet sind, l\u00e4ngerfristig Nahrung selbst zu produzieren,<\/li>\n<li>Wir bieten Kurse an\u00a0 zur Entwicklung und Verwirklichung von Ma\u00dfnahmen, die geeignet sind, langfristig Eink\u00fcnfte f\u00fcr Einzelpersonen und Gruppen zu schaffen und unterst\u00fctzen diese Ma\u00dfnahmen durch Anschubfinanzierung<\/li>\n<\/ul>\n<p>\u00a74<\/p>\n<p>Mittel des Vereins d\u00fcrfen nur f\u00fcr satzungsgem\u00e4\u00dfe Zwecke verwendet werden. Die Mitglieder erhalten keine Zuwendungen aus Mitteln des Vereins. Der Verein ist selbstlos t\u00e4tig, er verfolgt nicht in erster Linie eigenwirtschaftliche Zwecke.<\/p>\n<p>Die T\u00e4tigkeit im Dienst des Vereins geschieht in der Regel ehrenamtlich.<\/p>\n<p>Auf Antrag k\u00f6nnen Vereinsmitglieder f\u00fcr bestimmte T\u00e4tigkeiten im Verein eine pauschale Verg\u00fctung von bis zu 500.- \u20ac im Jahr erhalten, sofern die finanzielle Situation des Vereins es zul\u00e4sst. \u00dcber den Antrag entscheidet die Mitgliederversammlung.<\/p>\n<p>Die Erstattung von direkten Aufwendungen oder Reisekosten ist gestattet.<\/p>\n<p>\u00a75<\/p>\n<p>Es darf keine Person durch Ausgaben, die dem Zweck der K\u00f6rperschaft fremd sind, oder durch unverh\u00e4ltnism\u00e4\u00dfig hohe Verg\u00fctungen beg\u00fcnstigt werden.<\/p>\n<p>\u00a76<\/p>\n<p>Mitglied des Vereins kann jede voll gesch\u00e4ftsf\u00e4hige, nat\u00fcrliche Person werden. Juristische Personen und ein nicht rechtsf\u00e4higer Verein k\u00f6nnen ebenfalls Mitglied werden. Der Antrag ist schriftlich formlos oder mit Hilfe eines Beitrittsformulars an den Vorstand zu richten. Dieser entscheidet \u00fcber die Aufnahme in den Verein. Die Entscheidung wird mit 2\/3 Mehrheit gefasst. Die Beendigung der Mitgliedschaft durch Austritt ist jederzeit m\u00f6glich und hat sofortige Wirkung. Sie ist formlos schriftlich dem Vorstand anzuzeigen. Die Beendigung durch Ausschluss aus dem Verein ist nur bei wichtigem Grund zul\u00e4ssig. Als wichtiger Grund z\u00e4hlt ein grober Versto\u00df gegen die Vereinsinteressen.<\/p>\n<p>\u00a77<\/p>\n<p>Die Organe des Vereins sind die Mitgliederversammlung und der Vorstand.<\/p>\n<p>\u00a78<\/p>\n<p>Der Verein erhebt keine Mitgliedsbeitr\u00e4ge. Er deckt seinen Finanzbedarf ausschlie\u00dflich durch freiwillige Spenden, sei es von Mitgliedern, von Freunden oder von Dritten.<\/p>\n<p>Vereinsmittel sind im Sinne der Verwirklichung der Vereinsziele sparsam und interessengerecht einzusetzen, der Mitgliederversammlung ist j\u00e4hrlich Rechenschaft \u00fcber die Mittelverwendung zu erteilen in Form eines Jahresabschlusses, dessen Elemente einschlie\u00dflich der Buchhaltung und des Belegwesens allen Vereinsmitgliedern zur Einsicht offen stehen. Die Rechnungspr\u00fcfer erstatten der Mitgliederversammlung Bericht \u00fcber die Kassenpr\u00fcfung.<\/p>\n<p>\u00a79<\/p>\n<p>Die Mitgliederversammlung findet mindestens einmal im Jahr statt.<\/p>\n<p>Dazu werden die Mitglieder schriftlich durch den Vorstand mit einer Frist von zwei Wochen\u00a0 eingeladen.<\/p>\n<p>Die Mitgliederversammlung w\u00e4hlt den Vorstand f\u00fcr die Dauer von drei Jahren. Sie entlastet den Vorstand. Entscheidungen werden in der Mitgliederversammlung durch einfache Mehrheit getroffen. Sie entscheidet mit 2\/3 Mehrheit \u00fcber Satzungs\u00e4nderungen und beschlie\u00dft gegebenenfalls mit 75 %-iger Mehrheit \u00fcber die Aufl\u00f6sung des Vereins und die Bestellung von Liquidationen. Die Versammlungsbeschl\u00fcsse werden schriftlich festgehalten und vom ersten Vorsitzenden bzw. der ersten Vorsitzenden unterschrieben. Alle \u00fcbrigen Entscheidungen sind Vorstandssache.<\/p>\n<p>\u00a710<\/p>\n<p>Der Vorstand besteht aus dem\/der 1. Vorsitzenden, dem\/der 2. Vorsitzenden sowie zwei weiteren Vorstandsmitgliedern. Er wird f\u00fcr die Dauer von drei Jahren gew\u00e4hlt und bleibt im Amt bis ein neuer Vorstand gew\u00e4hlt wird.<\/p>\n<p>Diese vier Personen w\u00e4hlen aus ihrer Mitte eine 1.Vorsitzende bzw. einen 1.Vorsitzenden sowie eine 2. Vorsitzende oder Vorsitzenden.<\/p>\n<p>Die 1. und 2. Vorsitzende sind zur F\u00fchrung der Vereinsgesch\u00e4fte allein berechtigt und verpflichtet und von den Bestimmungen des \u00a7181 BGB befreit.<\/p>\n<p>Der Vorstand vertritt den Verein gerichtlich und au\u00dfergerichtlich gem\u00e4\u00df \u00a726 BGB. Er kann Bankvollmacht an ein Vorstandsmitglied erteilen bzw. ein Vorstandsmitglied allgemein mit der Wahrnehmung aller finanziellen Gesch\u00e4fte als Schatzmeister oder Schatzmeisterin beauftragen.<\/p>\n<p>\u00a711<\/p>\n<p>Eine Aufl\u00f6sung des Vereins kann nur durch die anwesenden Mitglieder einer Mitgliederversammlung beschlossen werden. Der entsprechende Antrag muss in der Einladung zur Mitgliederversammlung den Mitgliedern schriftlich bekannt gegeben werden. Bei Aufl\u00f6sung des Vereins oder bei Wegfall steuerbeg\u00fcnstigter Zwecke f\u00e4llt das Verm\u00f6gen des Vereins an das Netzwerk Gewaltfreie Kommunikation Darmstadt \u2013S\u00fcdhessen e.V. ( VR. 82555), der es unmittelbar und ausschlie\u00dflich f\u00fcr gemeinn\u00fctzige Zwecke zu verwenden hat.<\/p>\n<p>\u00a712<\/p>\n<p>Alles Weitere regelt die Gesch\u00e4ftsordnung.<\/p>\n<p>Alsbach, 03.01.2012<\/p>\n<p>Die \u00c4nderungen der Satzung in \u00a7 1, 9 und 10 wurden in der Mitgliederversammlung vom 12.1.2012\u00a0 einstimmig und ohne Enthaltungen angenommen.<\/p>\n<p><img src=\"webkit-fake-url:\/\/65CA1E02-4F07-4BC4-AE1A-926DDB636218\/pastedGraphic.png\" alt=\"pastedGraphic.png\" \/><\/p>\n<\/div><\/div><\/div><\/div><\/div>\n","protected":false},"excerpt":{"rendered":"","protected":false},"author":1,"featured_media":0,"parent":156,"menu_order":0,"comment_status":"closed","ping_status":"closed","template":"","meta":[],"yoast_head":"<!-- This site is optimized with the Yoast SEO plugin v20.6 - https:\/\/yoast.com\/wordpress\/plugins\/seo\/ -->\n<title>Satzung - zukunft-fewchr.de<\/title>\n<meta name=\"robots\" content=\"index, follow, max-snippet:-1, max-image-preview:large, max-video-preview:-1\" \/>\n<link rel=\"canonical\" href=\"https:\/\/zukunft-fewchr.de\/fewchr\/verein\/satzung\/\" \/>\n<meta property=\"og:locale\" content=\"de_DE\" \/>\n<meta property=\"og:type\" content=\"article\" \/>\n<meta property=\"og:title\" content=\"Satzung - zukunft-fewchr.de\" \/>\n<meta property=\"og:url\" content=\"https:\/\/zukunft-fewchr.de\/fewchr\/verein\/satzung\/\" \/>\n<meta property=\"og:site_name\" content=\"zukunft-fewchr.de\" \/>\n<meta property=\"article:modified_time\" content=\"2017-01-23T18:08:11+00:00\" \/>\n<meta property=\"og:image\" content=\"\" \/>\n<meta name=\"twitter:card\" content=\"summary_large_image\" \/>\n<meta name=\"twitter:label1\" content=\"Gesch\u00e4tzte Lesezeit\" \/>\n\t<meta name=\"twitter:data1\" content=\"5\u00a0Minuten\" \/>\n<script type=\"application\/ld+json\" class=\"yoast-schema-graph\">{\"@context\":\"https:\/\/schema.org\",\"@graph\":[{\"@type\":\"WebPage\",\"@id\":\"https:\/\/zukunft-fewchr.de\/fewchr\/verein\/satzung\/\",\"url\":\"https:\/\/zukunft-fewchr.de\/fewchr\/verein\/satzung\/\",\"name\":\"Satzung - zukunft-fewchr.de\",\"isPartOf\":{\"@id\":\"https:\/\/zukunft-fewchr.de\/fewchr\/#website\"},\"datePublished\":\"2017-01-23T18:02:33+00:00\",\"dateModified\":\"2017-01-23T18:08:11+00:00\",\"breadcrumb\":{\"@id\":\"https:\/\/zukunft-fewchr.de\/fewchr\/verein\/satzung\/#breadcrumb\"},\"inLanguage\":\"de\",\"potentialAction\":[{\"@type\":\"ReadAction\",\"target\":[\"https:\/\/zukunft-fewchr.de\/fewchr\/verein\/satzung\/\"]}]},{\"@type\":\"BreadcrumbList\",\"@id\":\"https:\/\/zukunft-fewchr.de\/fewchr\/verein\/satzung\/#breadcrumb\",\"itemListElement\":[{\"@type\":\"ListItem\",\"position\":1,\"name\":\"Startseite\",\"item\":\"https:\/\/zukunft-fewchr.de\/fewchr\/\"},{\"@type\":\"ListItem\",\"position\":2,\"name\":\"Verein\",\"item\":\"http:\/\/zukunft-fewchr.de\/fewchr\/verein\/\"},{\"@type\":\"ListItem\",\"position\":3,\"name\":\"Satzung\"}]},{\"@type\":\"WebSite\",\"@id\":\"https:\/\/zukunft-fewchr.de\/fewchr\/#website\",\"url\":\"https:\/\/zukunft-fewchr.de\/fewchr\/\",\"name\":\"zukunft-fewchr.de\",\"description\":\"Zukunft f\u00fcr Kenia\",\"potentialAction\":[{\"@type\":\"SearchAction\",\"target\":{\"@type\":\"EntryPoint\",\"urlTemplate\":\"https:\/\/zukunft-fewchr.de\/fewchr\/?s={search_term_string}\"},\"query-input\":\"required name=search_term_string\"}],\"inLanguage\":\"de\"}]}<\/script>\n<!-- \/ Yoast SEO plugin. -->","yoast_head_json":{"title":"Satzung - zukunft-fewchr.de","robots":{"index":"index","follow":"follow","max-snippet":"max-snippet:-1","max-image-preview":"max-image-preview:large","max-video-preview":"max-video-preview:-1"},"canonical":"https:\/\/zukunft-fewchr.de\/fewchr\/verein\/satzung\/","og_locale":"de_DE","og_type":"article","og_title":"Satzung - zukunft-fewchr.de","og_url":"https:\/\/zukunft-fewchr.de\/fewchr\/verein\/satzung\/","og_site_name":"zukunft-fewchr.de","article_modified_time":"2017-01-23T18:08:11+00:00","og_image":[{"url":"webkit-fake-url:\/\/65CA1E02-4F07-4BC4-AE1A-926DDB636218\/pastedGraphic.png"}],"twitter_card":"summary_large_image","twitter_misc":{"Gesch\u00e4tzte Lesezeit":"5\u00a0Minuten"},"schema":{"@context":"https:\/\/schema.org","@graph":[{"@type":"WebPage","@id":"https:\/\/zukunft-fewchr.de\/fewchr\/verein\/satzung\/","url":"https:\/\/zukunft-fewchr.de\/fewchr\/verein\/satzung\/","name":"Satzung - zukunft-fewchr.de","isPartOf":{"@id":"https:\/\/zukunft-fewchr.de\/fewchr\/#website"},"datePublished":"2017-01-23T18:02:33+00:00","dateModified":"2017-01-23T18:08:11+00:00","breadcrumb":{"@id":"https:\/\/zukunft-fewchr.de\/fewchr\/verein\/satzung\/#breadcrumb"},"inLanguage":"de","potentialAction":[{"@type":"ReadAction","target":["https:\/\/zukunft-fewchr.de\/fewchr\/verein\/satzung\/"]}]},{"@type":"BreadcrumbList","@id":"https:\/\/zukunft-fewchr.de\/fewchr\/verein\/satzung\/#breadcrumb","itemListElement":[{"@type":"ListItem","position":1,"name":"Startseite","item":"https:\/\/zukunft-fewchr.de\/fewchr\/"},{"@type":"ListItem","position":2,"name":"Verein","item":"http:\/\/zukunft-fewchr.de\/fewchr\/verein\/"},{"@type":"ListItem","position":3,"name":"Satzung"}]},{"@type":"WebSite","@id":"https:\/\/zukunft-fewchr.de\/fewchr\/#website","url":"https:\/\/zukunft-fewchr.de\/fewchr\/","name":"zukunft-fewchr.de","description":"Zukunft f\u00fcr Kenia","potentialAction":[{"@type":"SearchAction","target":{"@type":"EntryPoint","urlTemplate":"https:\/\/zukunft-fewchr.de\/fewchr\/?s={search_term_string}"},"query-input":"required name=search_term_string"}],"inLanguage":"de"}]}},"_links":{"self":[{"href":"http:\/\/zukunft-fewchr.de\/fewchr\/wp-json\/wp\/v2\/pages\/200"}],"collection":[{"href":"http:\/\/zukunft-fewchr.de\/fewchr\/wp-json\/wp\/v2\/pages"}],"about":[{"href":"http:\/\/zukunft-fewchr.de\/fewchr\/wp-json\/wp\/v2\/types\/page"}],"author":[{"embeddable":true,"href":"http:\/\/zukunft-fewchr.de\/fewchr\/wp-json\/wp\/v2\/users\/1"}],"replies":[{"embeddable":true,"href":"http:\/\/zukunft-fewchr.de\/fewchr\/wp-json\/wp\/v2\/comments?post=200"}],"version-history":[{"count":2,"href":"http:\/\/zukunft-fewchr.de\/fewchr\/wp-json\/wp\/v2\/pages\/200\/revisions"}],"predecessor-version":[{"id":202,"href":"http:\/\/zukunft-fewchr.de\/fewchr\/wp-json\/wp\/v2\/pages\/200\/revisions\/202"}],"up":[{"embeddable":true,"href":"http:\/\/zukunft-fewchr.de\/fewchr\/wp-json\/wp\/v2\/pages\/156"}],"wp:attachment":[{"href":"http:\/\/zukunft-fewchr.de\/fewchr\/wp-json\/wp\/v2\/media?parent=200"}],"curies":[{"name":"wp","href":"https:\/\/api.w.org\/{rel}","templated":true}]}}