{"id":156,"date":"2015-03-12T22:33:04","date_gmt":"2015-03-12T21:33:04","guid":{"rendered":"http:\/\/zukunft-fewchr.de\/fewchr\/about\/"},"modified":"2017-02-02T11:34:42","modified_gmt":"2017-02-02T10:34:42","slug":"verein","status":"publish","type":"page","link":"http:\/\/zukunft-fewchr.de\/fewchr\/verein\/","title":{"rendered":"Verein"},"content":{"rendered":"<div id=\"cs-content\" class=\"cs-content\"><div id=\"x-section-1\" class=\"x-section bg-image parallax\" style=\"margin: 0px;padding: 85px 0px; background-image: url(http:\/\/zukunft-fewchr.de\/fewchr\/wp-content\/uploads\/2017\/01\/2011-01-13-17.05.13.jpg); background-color: transparent;\" data-x-element=\"section\" data-x-params=\"{&quot;type&quot;:&quot;image&quot;,&quot;parallax&quot;:true}\"><div id=\"\" class=\"x-container max width\" style=\"margin: 0px auto 35px;padding: 0px; background-color:hsla(0, 0%, 0%, 0.45);\" ><div  class=\"x-column x-sm x-1-1\" style=\"padding: 0px;\" ><h2  class=\"h-custom-headline cs-ta-center man h2 accent\" style=\"color: hsl(0, 1%, 96%);\"><span>\u00dcber den Verein<strong class=\"period-yellow\">.<\/strong><\/span><\/h2><\/div><\/div><div id=\"\" class=\"x-container max width\" style=\"margin: 0px auto;padding: 0px; background-color:hsla(0, 0%, 0%, 0.45);\" ><div  class=\"x-column x-sm x-1-1\" style=\"padding: 40px;\" ><div id=\"\" class=\"x-text\" style=\"\" ><p class=\"man\"><span  class=\"x-dropcap\" style=\"background-color: #bc972c;\">A<\/span><span style=\"color: #ffffff;\">b 2007 waren und sind einige unserer Mitglieder in Kenia als TrainerInnen f\u00fcr Gewaltfreie Kommunikation (GFK) unterwegs. Dabei wurde deutlich, dass es noch anderes braucht, um die Haltung der GFK nachhaltig zu verankern:<\/span><\/p>\n<p><span style=\"color: #ffffff;\">Menschen brauchen eine Zukunft<\/span><\/p>\n<p><span style=\"color: #ffffff;\">In Form von Ausbildung (in Form von Schulgeld und Studiengeb\u00fchren)<\/span><br \/>\n<span style=\"color: #ffffff;\"> In Form von Unterst\u00fctzung bei der Schaffung von Einkommen generierenden Ma\u00dfnahmen<\/span><br \/>\n<span style=\"color: #ffffff;\"> In Form von Mikrofinanzierung<\/span><br \/>\n<span style=\"color: #ffffff;\"> In Form von medizinischer Versorgung (es gibt keine Krankenversicherung)<\/span><\/p>\n<p><span style=\"color: #ffffff;\">Die erste Unterst\u00fctzung erhielten Sch\u00fclerInnen, die im Rahmen der gewaltt\u00e4tigen Auseinandersetzungen nach der Wahl im Dezember 2007 mit ihren Eltern vertrieben worden waren und teilweise Elternteile dabei verloren hatten.<\/span><br \/>\n<span style=\"color: #ffffff;\"> Bei einem Besuch in Kikuyu in der N\u00e4he von Nairobi im Jahr 2008 fanden wir eine weiterf\u00fchrende Schule (Oberstufe), die ebenso viele vertriebene Sch\u00fclerInnen aufgenommen hatte wie sie vorher selbst hatte, bei der gleichen Lehreranzahl. Hinzu kam ein Lehrer, der ehrenamtlich Unterricht gab, keine Ausbildung und gerade selbst seinen Schulabschluss gemacht hatte.<\/span><br \/>\n<span style=\"color: #ffffff;\"> Hier konnten wir unterst\u00fctzen, indem wir Geld f\u00fcr Lehrmaterial und Essen gaben.<\/span><\/p>\n<\/div><\/div><\/div><\/div><div id=\"x-section-2\" class=\"x-section\" style=\"margin: 0px;padding: 45px 0px; background-color: hsl(264, 25%, 45%);\" ><div id=\"\" class=\"x-container max width\" style=\"margin: 0px auto;padding: 0px;\" ><div  class=\"x-column x-sm x-1-5\" style=\"padding: 0px;\" ><img  class=\"x-img img-gallery x-img-none\"  src=\"http:\/\/zukunft-fewchr.de\/fewchr\/wp-content\/uploads\/2017\/01\/2004-10-20-14.38.46.jpg\" alt=\"Gallery\"><hr  class=\"x-gap cs-hide-xl cs-hide-lg cs-hide-md\" style=\"margin: 45px 0 0 0;\"><\/div><div  class=\"x-column x-sm x-1-5\" style=\"padding: 0px;\" ><img  class=\"x-img img-gallery x-img-none\"  src=\"http:\/\/zukunft-fewchr.de\/fewchr\/wp-content\/uploads\/2017\/01\/Sch\u00fcler-Othora-LehrerinCIMG4431.jpg\" alt=\"Gallery\"><hr  class=\"x-gap cs-hide-xl cs-hide-lg cs-hide-md\" style=\"margin: 45px 0 0 0;\"><\/div><div  class=\"x-column x-sm x-1-5\" style=\"padding: 0px;\" ><hr  class=\"x-gap cs-hide-xl cs-hide-lg cs-hide-md\" style=\"margin: 45px 0 0 0;\"><img  class=\"x-img x-img-none\"  src=\"http:\/\/zukunft-fewchr.de\/fewchr\/wp-content\/uploads\/2017\/01\/SmallLogo-Kopie.jpg\" ><\/div><div  class=\"x-column x-sm x-1-5\" style=\"padding: 0px;\" ><img  class=\"x-img img-gallery x-img-none\"  src=\"http:\/\/zukunft-fewchr.de\/fewchr\/wp-content\/uploads\/2017\/01\/MARYRISPERFRIENDS-Kopie.jpg\" alt=\"Gallery\"><\/div><div  class=\"x-column x-sm x-1-5\" style=\"padding: 0px;\" ><img  class=\"x-img img-gallery x-img-none\"  src=\"http:\/\/zukunft-fewchr.de\/fewchr\/wp-content\/uploads\/2017\/01\/in-einer-Schulklasse-Rusinga2004-10-20-14.04.59.jpg\" alt=\"Gallery\"><\/div><\/div><\/div><div id=\"x-section-3\" class=\"x-section\" style=\"margin: 0px;padding: 85px 0px; background-color: transparent;\" ><div id=\"\" class=\"x-container max width\" style=\"margin: 0px auto;padding: 0px;\" ><div  class=\"x-column x-sm x-1-1\" style=\"padding: 0px;\" ><div  class=\"x-raw-content\" ><p class=\"man\"><span  class=\"x-dropcap\" style=\"background-color: #bc972c;\">S<\/span>eit wir Kurse in Gewaltfreier Kommunikation (nach Dr. Marshall Rosenberg) und Vers\u00f6hnungsarbeit in Kenia seit 2007) anbieten, lernen wir Menschen kennen, die durch die politischen und wirtschaftlichen Umst\u00e4nde keine abgeschlossene Schul- oder Berufsausbildung haben.\n<\/p><p>Wir sehen die Trainings als Beitrag an, Gewalt in Familien, Schulen und der\nGesellschaft allgemein zu verringern.\nUns ist bewusst geworden, dass ein gesichertes Einkommen zu Verminde-rung von Gewalt beitr\u00e4gt.<\/p><p>Kurz gesagt: Wenn Menschen eine Zukunft f\u00fcr sich sehen, l\u00e4sst die Gewaltt\u00e4tigkeit nach.\nDeswegen wollen wir Menschen, die wir \u00fcber unsere Kurse kennen lernen unterst\u00fctzen. Und das nicht nur in Kenia, sondern z.B. auch auf den Philippinen, wo Amina Mambuay zur Verbreitung der GFK beitr\u00e4gt.\nWir sehen die Trainings als Beitrag an, Gewalt in Familien, Schulen und der\nGesellschaft allgemein zu verringern.\nUns ist bewusst geworden, dass ein gesichertes Einkommen zu Verminderung von Gewalt beitr\u00e4gt.<\/p><p>\n<\/p><\/div><div  class=\"x-raw-content\" ><p class=\"man\"><span  class=\"x-dropcap\" style=\"background-color: #bc972c;\">I<\/span>n Kenia arbeiten wir  mit Menschen und Einrichtungen auf Rusinga und Mfangano Island, in einem Slum in Nairobi, in Nakuru, Eldoret und Marsabit.\nDazu haben wir bereits mit Hilfe von Spenden beigetragen:\n<\/p><p><\/p><p>Sechs Sch\u00fclerInnen konnte der  \n   Schulbesuch einer weiterf\u00fchrenden Schule                \n   erm\u00f6glicht werden, drei Sch\u00fcler\/innen \n   haben diesen bereits abgeschlossen\n   Eine dieser Sch\u00fclerinnen hat inzwischen \n   ein Studium aufgenommen.\n<\/p><p>F\u00fcr drei Studenten konnte die Ausbildung mitfinanziert werden\n<\/p><p>Einem bisher ehrenamtlich t\u00e4tigen Lehrer \nwurde die Ausbildung bezahlt, so dass er jetzt f\u00fcr seine T\u00e4tigkeit bezahlt wird und seine Familie ern\u00e4hren kann.\n<\/p><p>Der Boden in Lehrerzimmer und Klassenr\u00e4umen einer Schule auf Rusinga wurde zementiert, so dass die Staubbelastung verringert wurde\n<\/p><p>Diese Schule z\u00e4unte ihr Gel\u00e4nde ein. Dadurch wurde nicht mehr eingebrochen. Au\u00dferdem pflanzten sie B\u00e4ume und Gem\u00fcse an, das sie verkaufen. Mit diesem Einkommen k\u00f6nnen sie Schulmaterial kaufen und die Ausbildung verbessern. \n<\/p><p>Drei weitere Vorschulen wurden  \n   unterst\u00fctzt, die dadurch Waisenkinder mit \n   Fr\u00fchst\u00fcck versorgen k\u00f6nnen.\n<\/p><p>Schulmaterial wurde gekauft (B\u00fccher\/Stifte)\n<\/p><p>Wir w\u00fcnschen uns, dass die Liste der Erfolgsmeldungen immer l\u00e4nger wird!\n\n<\/p><\/div><\/div><\/div><\/div><div id=\"x-section-4\" class=\"x-section dark-text bg-pattern\" style=\"margin: 0px;padding: 85px 0px; background-image: url(http:\/\/zukunft-fewchr.de\/fewchr\/wp-content\/uploads\/2017\/01\/bg-pattern-yellow.png); background-color: #bc972c;\" data-x-element=\"section\" data-x-params=\"{&quot;type&quot;:&quot;pattern&quot;,&quot;parallax&quot;:false}\"><div id=\"\" class=\"x-container max width\" style=\"margin: 0px auto 35px;padding: 0px;\" ><div  class=\"x-column x-sm x-1-1\" style=\"padding: 0px;\" ><h2  class=\"h-custom-headline cs-ta-center man h2\" ><span>Wie k\u00f6nnen Sie unterst\u00fctzen<strong class=\"period-white\">?<\/strong><\/span><\/h2><\/div><\/div><div id=\"\" class=\"x-container max width\" style=\"margin: 0px auto;padding: 0px;\" ><div  class=\"x-column x-sm x-1-3\" style=\"padding: 0px;\" ><div  class=\"x-feature-box center-text top-text cf\" style=\" max-width: none;\" data-x-element=\"feature_box\" data-x-params=\"{&quot;child&quot;:false,&quot;graphicAnimation&quot;:&quot;none&quot;,&quot;graphicAnimationOffset&quot;:&quot;50&quot;,&quot;graphicAnimationDelay&quot;:&quot;0&quot;}\"><div class=\"x-feature-box-graphic square \"><div class=\"x-feature-box-graphic-outer square\" style=\"\"><div class=\"x-feature-box-graphic-inner square\" style=\"font-size: 60px;\"><i class=\"x-icon-book square\" data-x-icon-s=\"&#xf02d;\"  style=\"margin: 0 auto; color: #ffffff; background-color: hsl(264, 25%, 45%);\"><\/i><\/div><\/div><\/div><div class=\"x-feature-box-content \"><h4 class=\"x-feature-box-title\">Kurse und Anleitungen<\/h4><p class=\"x-feature-box-text\"> im Bereich Mikrofinanzierung z.B. table banking<\/p><\/div><\/div><hr  class=\"x-gap cs-hide-xl cs-hide-lg cs-hide-md\" style=\"margin: 45px 0 0 0;\"><div  class=\"x-feature-box center-text top-text cf\" style=\" max-width: none;\" data-x-element=\"feature_box\" data-x-params=\"{&quot;child&quot;:false,&quot;graphicAnimation&quot;:&quot;none&quot;,&quot;graphicAnimationOffset&quot;:&quot;50&quot;,&quot;graphicAnimationDelay&quot;:&quot;0&quot;}\"><div class=\"x-feature-box-graphic square \"><div class=\"x-feature-box-graphic-outer square\" style=\"\"><div class=\"x-feature-box-graphic-inner square\" style=\"font-size: 60px;\"><i class=\"x-icon-pagelines square\" data-x-icon-b=\"&#xf18c;\"  style=\"margin: 0 auto; color: #ffffff; background-color: hsl(264, 25%, 45%);\"><\/i><\/div><\/div><\/div><div class=\"x-feature-box-content \"><h4 class=\"x-feature-box-title\">Nahrungsmittel bei Hungerzeiten<\/h4><p class=\"x-feature-box-text\">beschaffen und verteilen<\/p><\/div><\/div><\/div><div  class=\"x-column x-sm x-1-3\" style=\"padding: 0px;\" ><hr  class=\"x-gap\" style=\"margin: 100px 0 0 0;\"><div  class=\"x-feature-box center-text top-text cf\" style=\" max-width: none;\" data-x-element=\"feature_box\" data-x-params=\"{&quot;child&quot;:false,&quot;graphicAnimation&quot;:&quot;none&quot;,&quot;graphicAnimationOffset&quot;:&quot;50&quot;,&quot;graphicAnimationDelay&quot;:&quot;0&quot;}\"><div class=\"x-feature-box-graphic square \"><div class=\"x-feature-box-graphic-outer square\" style=\"\"><div class=\"x-feature-box-graphic-inner square\" style=\"font-size: 60px;\"><i class=\"x-icon-database square\" data-x-icon-s=\"&#xf1c0;\"  style=\"margin: 0 auto; color: #ffffff; background-color: hsl(264, 25%, 45%);\"><\/i><\/div><\/div><\/div><div class=\"x-feature-box-content \"><h4 class=\"x-feature-box-title\">Unterst\u00fctzungen<\/h4><p class=\"x-feature-box-text\">die geeignet sind, langfristig Eink\u00fcnfte zu generieren<\/p><\/div><\/div><\/div><div  class=\"x-column x-sm x-1-3\" style=\"padding: 0px;\" ><div  class=\"x-feature-box center-text top-text cf\" style=\" max-width: none;\" data-x-element=\"feature_box\" data-x-params=\"{&quot;child&quot;:false,&quot;graphicAnimation&quot;:&quot;none&quot;,&quot;graphicAnimationOffset&quot;:&quot;50&quot;,&quot;graphicAnimationDelay&quot;:&quot;0&quot;}\"><div class=\"x-feature-box-graphic square \"><div class=\"x-feature-box-graphic-outer square\" style=\"\"><div class=\"x-feature-box-graphic-inner square\" style=\"font-size: 60px;\"><i class=\"x-icon-bank square\" data-x-icon-s=\"&#xf19c;\"  style=\"margin: 0 auto; color: #ffffff; background-color: hsl(264, 25%, 45%);\"><\/i><\/div><\/div><\/div><div class=\"x-feature-box-content \"><h4 class=\"x-feature-box-title\">Kosten\u00fcbernahme<\/h4><p class=\"x-feature-box-text\">f\u00fcr den Schulbesuch,eines Colleges oder einer Universit\u00e4t<\/p><\/div><\/div><div  class=\"x-feature-box center-text top-text cf\" style=\" max-width: none;\" data-x-element=\"feature_box\" data-x-params=\"{&quot;child&quot;:false,&quot;graphicAnimation&quot;:&quot;none&quot;,&quot;graphicAnimationOffset&quot;:&quot;50&quot;,&quot;graphicAnimationDelay&quot;:&quot;0&quot;}\"><div class=\"x-feature-box-graphic square \"><div class=\"x-feature-box-graphic-outer square\" style=\"\"><div class=\"x-feature-box-graphic-inner square\" style=\"font-size: 60px;\"><i class=\"x-icon-money square\" data-x-icon-s=\"&#xf3d1;\"  style=\"margin: 0 auto; color: #ffffff; background-color: hsl(264, 25%, 45%);\"><\/i><\/div><\/div><\/div><div class=\"x-feature-box-content \"><h4 class=\"x-feature-box-title\">Unterst\u00fctzung von Schulen<\/h4><p class=\"x-feature-box-text\">die einen erh\u00f6hten Anteil benachteiligter Kinderaufnehmen<\/p><\/div><\/div><\/div><\/div><div id=\"\" class=\"x-container max width\" style=\"margin: 0px auto;padding: 0px;\" ><div  class=\"x-column x-sm x-1-1\" style=\"padding: 0px;\" ><div id=\"\" class=\"x-text\" style=\"\" ><h4 style=\"text-align: center;\">Gib mir eine Zukunft<br \/>\nGive me a fewchr<\/h4>\n<p class=\"x-face-text\" style=\"text-align: center;\">ist ein gemeinn\u00fctziger Verein mit Sitz in Darmstadt und berechtigt, Spendenbescheinigungen auszustellen.<br \/>\nWir geben Spenden auch gerne Ihrem Wunsch entsprechend weiter<br \/>\noder vermitteln Patenschaften, Brieffreundschaften oder Schulpatenschaften<\/p>\n<h5 style=\"text-align: center;\">Spendenkonto:<\/h5>\n<p style=\"text-align: center;\">Sparkasse Darmstadt<br \/>\nIBAN: DE67508501500042004111<br \/>\nSWIFT-BIC: HELADEF1DAS<\/p>\n<h4 class=\"x-face-title\"><\/h4>\n<p class=\"x-face-text\">\n<\/div><\/div><\/div><\/div><div id=\"x-section-5\" class=\"x-section\" style=\"margin: 0px;padding: 85px 0px; background-color: transparent;\" ><div id=\"\" class=\"x-container max width\" style=\"margin: 0px auto 35px;padding: 0px;\" ><div  class=\"x-column x-sm x-1-2\" style=\"padding: 0px;\" ><h2  class=\"h-custom-headline cs-ta-center man h2 accent\" ><span>1. Vorsitzende<strong class=\"period-yellow\">.<\/strong><\/span><\/h2><div  class=\"x-promo\" style=\"max-width: 250px;margin: 0 auto;\"><div class=\"x-promo-image-wrap\"><img src=\"http:\/\/zukunft-fewchr.de\/fewchr\/wp-content\/uploads\/2017\/01\/irmtraud-kauschat.jpg\" alt=\"Dr. med Irmtraud Kauschat\"\/><\/div><div class=\"x-promo-content\">\n<h4 class=\"h5\" style=\"margin: 0.25em 0 0.35em;\">Dr. med Irmtraud Kauschat<\/h4>\n<\/div><\/div><div  class=\"x-raw-content\" ><p> \nFach\u00e4rztin f\u00fcr Allgemeinmedizin, Naturheilverfahren, TCM, Qigong, \nCNVC-zert. Trainerin f\u00fcr \n\u201eGewaltfreie Kommunikation\u201c<\/p><\/div><div id=\"\" class=\"x-text\" style=\"\" ><p><a href=\"mailto:irmtraud@zukunft-fewchr.de\">irmtraud@zukunft-fewchr.de<\/a><\/p>\n<\/div><a  class=\"x-btn x-btn-large\"  href=\"http:\/\/www.gewaltfrei-darmstadt.de\" title=\"Irmtraud's Website\" target=\"_blank\" rel=\"noopener noreferrer\"   data-options=\"thumbnail: ''\">Zu ihrer Website<\/a><\/div><div  class=\"x-column x-sm x-1-2\" style=\"padding: 0px;\" ><h2  class=\"h-custom-headline cs-ta-center man h2 accent\" ><span>2. Vorsitzende<strong class=\"period-yellow\">.<\/strong><\/span><\/h2><div  class=\"x-promo\" style=\"max-width: 250px;margin: 0 auto;\"><div class=\"x-promo-image-wrap\"><img src=\"http:\/\/zukunft-fewchr.de\/fewchr\/wp-content\/uploads\/2017\/01\/christiane-welk.jpg\" alt=\"Dr. med Irmtraud Kauschat\"\/><\/div><div class=\"x-promo-content\">\n<h4 class=\"h5\" style=\"margin: 0.25em 0 0.35em;\"><\/h4>\n<h4 class=\"h5\" style=\"margin: 0.25em 0 0.35em;\">Christiane Welk<\/h4>\n<p>&nbsp;<\/div><\/div><div  class=\"x-raw-content\" ><p> Lehrerin an einer Hauptschule, \nCNVC-zert. Trainerin f\u00fcr \n\u201eGewaltfreie Kommunikation\u201c\n<\/p><\/div><div id=\"\" class=\"x-text\" style=\"\" ><p><a href=\"mailto:christiane@zukunft-fewchr.de\">christiane@zukunft-fewchr.de<\/a><\/p>\n<\/div><a  class=\"x-btn x-btn-large\"  href=\"http:\/\/www.gewaltfrei-darmstadt.de\" title=\"Irmtraud's Website\" target=\"_blank\" rel=\"noopener noreferrer\"   data-options=\"thumbnail: ''\">Zu ihrer Website<\/a><\/div><\/div><\/div><div id=\"x-section-6\" class=\"x-section\" style=\"margin: 0px;padding: 85px 0px; background-color: #e1e6ea;\" ><div id=\"\" class=\"x-container max width\" style=\"margin: 0px auto 85px;padding: 0px;\" ><div  class=\"x-column x-sm x-1-1\" style=\"padding: 0px;\" ><h2  class=\"h-custom-headline cs-ta-center man h2\" ><span>Kontakt<strong class=\"period-yellow\">.<\/strong><\/span><\/h2><div id=\"\" class=\"x-text\" style=\"\" ><h5 style=\"text-align: center;\"><a href=\"mailto:kontakt@zukunft-fewchr.de\">kontakt@zukunft-fewchr.de<\/a><\/h5>\n<p style=\"text-align: center;\">\n<\/div><\/div><\/div><div id=\"\" class=\"x-container max width\" style=\"margin: 0px auto 85px;padding: 0px;\" ><div  class=\"x-column x-sm x-1-3\" style=\"padding: 0px;\" >&nbsp;<\/div><div  class=\"x-column x-sm x-1-3\" style=\"padding: 0px;\" ><img  class=\"x-img x-img-none\"  src=\"http:\/\/zukunft-fewchr.de\/fewchr\/wp-content\/uploads\/2017\/01\/400dpiLogo-Kopie.png\" ><\/div><div  class=\"x-column x-sm x-1-3\" style=\"padding: 0px;\" >&nbsp;<\/div><\/div><\/div><\/div>\n","protected":false},"excerpt":{"rendered":"","protected":false},"author":1,"featured_media":0,"parent":0,"menu_order":0,"comment_status":"closed","ping_status":"closed","template":"template-blank-4.php","meta":[],"yoast_head":"<!-- This site is optimized with the Yoast SEO plugin v20.6 - https:\/\/yoast.com\/wordpress\/plugins\/seo\/ -->\n<title>Verein - zukunft-fewchr.de<\/title>\n<meta name=\"robots\" content=\"index, follow, max-snippet:-1, max-image-preview:large, max-video-preview:-1\" \/>\n<link rel=\"canonical\" href=\"http:\/\/zukunft-fewchr.de\/fewchr\/verein\/\" \/>\n<meta property=\"og:locale\" content=\"de_DE\" \/>\n<meta property=\"og:type\" content=\"article\" \/>\n<meta property=\"og:title\" content=\"Verein - zukunft-fewchr.de\" \/>\n<meta property=\"og:url\" content=\"http:\/\/zukunft-fewchr.de\/fewchr\/verein\/\" \/>\n<meta property=\"og:site_name\" content=\"zukunft-fewchr.de\" \/>\n<meta property=\"article:modified_time\" content=\"2017-02-02T10:34:42+00:00\" \/>\n<meta name=\"twitter:card\" content=\"summary_large_image\" \/>\n<meta name=\"twitter:label1\" content=\"Gesch\u00e4tzte Lesezeit\" \/>\n\t<meta name=\"twitter:data1\" content=\"10\u00a0Minuten\" \/>\n<script type=\"application\/ld+json\" class=\"yoast-schema-graph\">{\"@context\":\"https:\/\/schema.org\",\"@graph\":[{\"@type\":\"WebPage\",\"@id\":\"http:\/\/zukunft-fewchr.de\/fewchr\/verein\/\",\"url\":\"http:\/\/zukunft-fewchr.de\/fewchr\/verein\/\",\"name\":\"Verein - zukunft-fewchr.de\",\"isPartOf\":{\"@id\":\"https:\/\/zukunft-fewchr.de\/fewchr\/#website\"},\"datePublished\":\"2015-03-12T21:33:04+00:00\",\"dateModified\":\"2017-02-02T10:34:42+00:00\",\"breadcrumb\":{\"@id\":\"http:\/\/zukunft-fewchr.de\/fewchr\/verein\/#breadcrumb\"},\"inLanguage\":\"de\",\"potentialAction\":[{\"@type\":\"ReadAction\",\"target\":[\"http:\/\/zukunft-fewchr.de\/fewchr\/verein\/\"]}]},{\"@type\":\"BreadcrumbList\",\"@id\":\"http:\/\/zukunft-fewchr.de\/fewchr\/verein\/#breadcrumb\",\"itemListElement\":[{\"@type\":\"ListItem\",\"position\":1,\"name\":\"Startseite\",\"item\":\"https:\/\/zukunft-fewchr.de\/fewchr\/\"},{\"@type\":\"ListItem\",\"position\":2,\"name\":\"Verein\"}]},{\"@type\":\"WebSite\",\"@id\":\"https:\/\/zukunft-fewchr.de\/fewchr\/#website\",\"url\":\"https:\/\/zukunft-fewchr.de\/fewchr\/\",\"name\":\"zukunft-fewchr.de\",\"description\":\"Zukunft f\u00fcr Kenia\",\"potentialAction\":[{\"@type\":\"SearchAction\",\"target\":{\"@type\":\"EntryPoint\",\"urlTemplate\":\"https:\/\/zukunft-fewchr.de\/fewchr\/?s={search_term_string}\"},\"query-input\":\"required name=search_term_string\"}],\"inLanguage\":\"de\"}]}<\/script>\n<!-- \/ Yoast SEO plugin. -->","yoast_head_json":{"title":"Verein - zukunft-fewchr.de","robots":{"index":"index","follow":"follow","max-snippet":"max-snippet:-1","max-image-preview":"max-image-preview:large","max-video-preview":"max-video-preview:-1"},"canonical":"http:\/\/zukunft-fewchr.de\/fewchr\/verein\/","og_locale":"de_DE","og_type":"article","og_title":"Verein - zukunft-fewchr.de","og_url":"http:\/\/zukunft-fewchr.de\/fewchr\/verein\/","og_site_name":"zukunft-fewchr.de","article_modified_time":"2017-02-02T10:34:42+00:00","twitter_card":"summary_large_image","twitter_misc":{"Gesch\u00e4tzte Lesezeit":"10\u00a0Minuten"},"schema":{"@context":"https:\/\/schema.org","@graph":[{"@type":"WebPage","@id":"http:\/\/zukunft-fewchr.de\/fewchr\/verein\/","url":"http:\/\/zukunft-fewchr.de\/fewchr\/verein\/","name":"Verein - zukunft-fewchr.de","isPartOf":{"@id":"https:\/\/zukunft-fewchr.de\/fewchr\/#website"},"datePublished":"2015-03-12T21:33:04+00:00","dateModified":"2017-02-02T10:34:42+00:00","breadcrumb":{"@id":"http:\/\/zukunft-fewchr.de\/fewchr\/verein\/#breadcrumb"},"inLanguage":"de","potentialAction":[{"@type":"ReadAction","target":["http:\/\/zukunft-fewchr.de\/fewchr\/verein\/"]}]},{"@type":"BreadcrumbList","@id":"http:\/\/zukunft-fewchr.de\/fewchr\/verein\/#breadcrumb","itemListElement":[{"@type":"ListItem","position":1,"name":"Startseite","item":"https:\/\/zukunft-fewchr.de\/fewchr\/"},{"@type":"ListItem","position":2,"name":"Verein"}]},{"@type":"WebSite","@id":"https:\/\/zukunft-fewchr.de\/fewchr\/#website","url":"https:\/\/zukunft-fewchr.de\/fewchr\/","name":"zukunft-fewchr.de","description":"Zukunft f\u00fcr Kenia","potentialAction":[{"@type":"SearchAction","target":{"@type":"EntryPoint","urlTemplate":"https:\/\/zukunft-fewchr.de\/fewchr\/?s={search_term_string}"},"query-input":"required name=search_term_string"}],"inLanguage":"de"}]}},"_links":{"self":[{"href":"http:\/\/zukunft-fewchr.de\/fewchr\/wp-json\/wp\/v2\/pages\/156"}],"collection":[{"href":"http:\/\/zukunft-fewchr.de\/fewchr\/wp-json\/wp\/v2\/pages"}],"about":[{"href":"http:\/\/zukunft-fewchr.de\/fewchr\/wp-json\/wp\/v2\/types\/page"}],"author":[{"embeddable":true,"href":"http:\/\/zukunft-fewchr.de\/fewchr\/wp-json\/wp\/v2\/users\/1"}],"replies":[{"embeddable":true,"href":"http:\/\/zukunft-fewchr.de\/fewchr\/wp-json\/wp\/v2\/comments?post=156"}],"version-history":[{"count":6,"href":"http:\/\/zukunft-fewchr.de\/fewchr\/wp-json\/wp\/v2\/pages\/156\/revisions"}],"predecessor-version":[{"id":303,"href":"http:\/\/zukunft-fewchr.de\/fewchr\/wp-json\/wp\/v2\/pages\/156\/revisions\/303"}],"wp:attachment":[{"href":"http:\/\/zukunft-fewchr.de\/fewchr\/wp-json\/wp\/v2\/media?parent=156"}],"curies":[{"name":"wp","href":"https:\/\/api.w.org\/{rel}","templated":true}]}}